{"id":960,"date":"2021-01-27T18:16:35","date_gmt":"2021-01-27T17:16:35","guid":{"rendered":"http:\/\/lacavedemerlin.fr\/?page_id=960"},"modified":"2021-01-28T10:28:18","modified_gmt":"2021-01-28T09:28:18","slug":"mentions-legales","status":"publish","type":"page","link":"https:\/\/lacavedemerlin.fr\/index.php\/mentions-legales\/","title":{"rendered":"Mentions l\u00e9gales"},"content":{"rendered":"<p>[et_pb_section fb_built=&#8221;1&#8243; custom_padding_last_edited=&#8221;on|desktop&#8221; admin_label=&#8221;Section&#8221; _builder_version=&#8221;3.22&#8243; background_color=&#8221;#ffffff&#8221; custom_padding_tablet=&#8221;50px|0|50px|0&#8243; custom_padding_phone=&#8221;&#8221; transparent_background=&#8221;off&#8221; padding_mobile=&#8221;off&#8221; make_fullwidth=&#8221;off&#8221; use_custom_width=&#8221;off&#8221; width_unit=&#8221;on&#8221;][et_pb_row padding_mobile=&#8221;off&#8221; column_padding_mobile=&#8221;on&#8221; admin_label=&#8221;row&#8221; module_class=&#8221; et_pb_row_fullwidth&#8221; _builder_version=&#8221;3.25&#8243; background_size=&#8221;initial&#8221; background_position=&#8221;top_left&#8221; background_repeat=&#8221;repeat&#8221; width=&#8221;100%&#8221; width_tablet=&#8221;100%&#8221; width_phone=&#8221;&#8221; width_last_edited=&#8221;on|desktop&#8221; max_width=&#8221;100%&#8221; max_width_tablet=&#8221;100%&#8221; max_width_phone=&#8221;&#8221; max_width_last_edited=&#8221;on|desktop&#8221; custom_padding=&#8221;80px||60px|&#8221; make_fullwidth=&#8221;on&#8221; use_custom_width=&#8221;off&#8221; width_unit=&#8221;on&#8221;][et_pb_column type=&#8221;4_4&#8243; _builder_version=&#8221;3.25&#8243; custom_padding=&#8221;|||&#8221; custom_padding__hover=&#8221;|||&#8221;][et_pb_text admin_label=&#8221;Notre gamme Vins et Champagnes&#8221; _builder_version=&#8221;4.4.2&#8243; text_font=&#8221;Cantata One||||&#8221; text_text_color=&#8221;#595959&#8243; text_font_size=&#8221;26&#8243; background_size=&#8221;initial&#8221; background_position=&#8221;top_left&#8221; background_repeat=&#8221;repeat&#8221; use_border_color=&#8221;off&#8221; border_color=&#8221;#ffffff&#8221; border_style=&#8221;solid&#8221;]<\/p>\n<p style=\"text-align: center;\"><strong>Nos mentions l\u00e9gales<\/strong><\/p>\n<p>[\/et_pb_text][\/et_pb_column][\/et_pb_row][et_pb_row column_padding_mobile=&#8221;on&#8221; admin_label=&#8221;Ligne&#8221; module_class=&#8221; et_pb_row_fullwidth&#8221; _builder_version=&#8221;4.4.2&#8243; parallax=&#8221;on&#8221; width=&#8221;100%&#8221; width_tablet=&#8221;100%&#8221; width_phone=&#8221;&#8221; width_last_edited=&#8221;on|desktop&#8221; max_width=&#8221;100%&#8221; max_width_tablet=&#8221;100%&#8221; max_width_phone=&#8221;&#8221; max_width_last_edited=&#8221;on|desktop&#8221; custom_margin=&#8221;||||false|false&#8221; custom_padding=&#8221;||0px||false|false&#8221; hover_enabled=&#8221;0&#8243; make_fullwidth=&#8221;on&#8221; use_custom_width=&#8221;off&#8221; width_unit=&#8221;on&#8221;][et_pb_column type=&#8221;4_4&#8243; _builder_version=&#8221;4.4.2&#8243; custom_padding=&#8221;|||&#8221; custom_padding__hover=&#8221;|||&#8221;][et_pb_text admin_label=&#8221;Texte&#8221; _builder_version=&#8221;4.4.2&#8243; text_font=&#8221;Cantata One||||&#8221; text_text_color=&#8221;#595959&#8243; background_size=&#8221;initial&#8221; background_position=&#8221;top_left&#8221; background_repeat=&#8221;repeat&#8221; text_orientation=&#8221;center&#8221; background_layout=&#8221;dark&#8221; module_alignment=&#8221;center&#8221; custom_padding=&#8221;|100px||100px|false|false&#8221; hover_enabled=&#8221;0&#8243; use_border_color=&#8221;off&#8221; border_color=&#8221;#ffffff&#8221; border_style=&#8221;solid&#8221;]<\/p>\n<div class=\"yiv2293157127ydp675f525dtextwidget\">\n<p><strong>G\u00e9rante<br \/> <\/strong>Mme Blandine CONAN<\/p>\n<p><b>Nom<br \/> <\/b>La Cave de Merlin<\/p>\n<p><strong>Statut juridique<br \/> <\/strong>Soci\u00e9t\u00e9 \u00e0 Responsabilit\u00e9 Limit\u00e9e<\/p>\n<p><strong>Si\u00e8ge social<\/strong><\/p>\n<\/div>\n<p>9 rue Nationale, 35380 Pl\u00e9lan-le-Grand, <span class=\"country-name\">France<\/span><\/p>\n<p><strong>N\u00b0 SIRET<br \/> <\/strong><span class=\"copyNumber__copy\">75224470700028<\/span><\/p>\n<p><strong>Capital social<\/strong><br \/> 17 700,00 Euros<\/p>\n<p><strong>Contact<\/strong><br \/> T\u00e9l. <span class=\"tel\">+ 33 (0)2 99 61 49 43<\/span><br \/> Site Internet : www.lacavedemerlin.fr<\/p>\n<p><strong>H\u00e9bergement chez OVH<\/strong><br \/> Si\u00e8ge social : 2 rue Kellermann &#8211; 59100 Roubaix &#8211; France.<\/p>\n<p><strong>Cr\u00e9ation du site<\/strong><br \/> Soci\u00e9t\u00e9 Ms Kom&#8217;, repr\u00e9sent\u00e9e par Muriel Schmoor.<br \/> Siret 80198436000033<br \/> <span style=\"color: #565656;\"><a href=\"mailto:contact@mskom.fr\" style=\"color: #565656;\"><span style=\"color: #595959;\"><span style=\"text-decoration: underline;\">contact@mskom.fr<\/span><\/span><\/a><\/span><span style=\"color: #595959;\">\u00a0\/ <span style=\"text-decoration: underline;\"><a href=\"http:\/\/www.mskom.fr\" style=\"color: #595959; text-decoration: underline;\">www.mskom.fr<\/a><\/span><\/span><\/p>\n<p>&nbsp;<\/p>\n<p><strong>Cookies<\/strong><\/p>\n<p><span>Ce site utilise des cookies afin d\u2019am\u00e9liorer votre exp\u00e9rience et optimiser nos sites et services.<\/span><\/p>\n<p><span>Un cookie est un petit fichier de texte transf\u00e9r\u00e9 \u00e0 partir d\u2019un serveur web vers votre navigateur web ou votre disque dur lorsque vous visitez un site web. Si votre navigateur web est configur\u00e9 pour accepter les cookies, ils seront stock\u00e9s dans le navigateur web ou le disque dur jusqu\u2019\u00e0 ce que la date d\u2019expiration soit d\u00e9pass\u00e9e ou jusqu\u2019\u00e0 ce que vous supprimez les cookies vous-m\u00eame.<\/span><\/p>\n<p><i>Ce site est en enregistrement aupr\u00e8s de la Commission Nationale Informatique et Libert\u00e9. Vous avez un droit d\u2019acc\u00e8s, de rectification et de suppression des donn\u00e9es personnelles qui vous concernent. Pour prendre connaissance de ces donn\u00e9es ou pour exercer vos droits, veuillez nous contacter par t\u00e9l\u00e9phone ou par courrier \u00e0 l\u2019adresse suivante : La Cave de Merlin, 9 rue Nationale, 35380 Pl\u00e9lan-le-Grand, <span class=\"country-name\">France<\/span>. Il est interdit de reproduire, repr\u00e9senter, transf\u00e9rer, distribuer, ou d\u2019enregistrer tout ou partie du site, sous quelque forme que ce soit, sans l\u2019accord \u00e9crit de l\u2019accord de la soci\u00e9t\u00e9 La Cave de Merlin. Nous vous rappelons que le contenu de ce site Web peut-\u00eatre \u00eatre modifi\u00e9 ou mis \u00e0 jour sans pr\u00e9avis et n\u2019est pas un engagement contractuel.\u00a0<\/i><\/p>\n<p><em>Conform\u00e9ment au R\u00e8glement g\u00e9n\u00e9ral sur la protection des donn\u00e9es n\u00b0 2016\/679, <i>La Cave de Merlin<\/i> vous informe que ces donn\u00e9es seront sauvegard\u00e9es, et qu\u2019\u00e0 tout moment, vous pouvez demander \u00e0 ce que ces donn\u00e9es personnelles soient modifi\u00e9es ou supprim\u00e9es. Pour ce faire, il vous suffit d\u2019envoyer un mail \u00e0 l\u2019adresse suivante : <span style=\"color: #9b8e68;\"><a href=\"mailto:lacavedemerlin@orange.fr\" style=\"color: #9b8e68;\">lacavedemerlin@orange.fr<\/a><\/span><\/em><\/p>\n<p>&nbsp;<\/p>\n<div class=\"yiv2293157127ydpbafdcb42textwidget\">\n<p><strong>Propri\u00e9t\u00e9 intellectuelle<\/strong><\/p>\n<p>Les \u00e9l\u00e9ments appartenant \u00e0 La Cave de Merlin tels que les photos, les textes et les logos, sans que cette liste ne soit exhaustive, sont sa propri\u00e9t\u00e9 exclusive.<br \/> Les pr\u00e9sentes conditions g\u00e9n\u00e9rales n\u2019emportent aucune cession d\u2019aucune sorte de droits de propri\u00e9t\u00e9 intellectuelle sur les \u00e9l\u00e9ments appartenant \u00e0 La Cave de Merlin au b\u00e9n\u00e9fice de l\u2019utilisateur.<br \/> Toute repr\u00e9sentation totale ou partielle du site par toute personne physique ou morale que ce soit, sans l&#8217;autorisation expresse de l&#8217;\u00e9diteur du site, est interdite et constituerait une contrefa\u00e7on sanctionn\u00e9e par les articles L.335-2 et suivants du Code de la propri\u00e9t\u00e9 intellectuelle.<\/p>\n<\/div>\n<p>[\/et_pb_text][\/et_pb_column][\/et_pb_row][\/et_pb_section][et_pb_section fb_built=&#8221;1&#8243; fullwidth=&#8221;on&#8221; custom_padding_last_edited=&#8221;on|desktop&#8221; admin_label=&#8221;Section&#8221; _builder_version=&#8221;4.4.2&#8243; background_color=&#8221;#ffffff&#8221; custom_padding=&#8221;40px|||&#8221; custom_padding_tablet=&#8221;50px|0|50px|0&#8243; custom_padding_phone=&#8221;&#8221; transparent_background=&#8221;off&#8221; make_fullwidth=&#8221;off&#8221; use_custom_width=&#8221;off&#8221; width_unit=&#8221;on&#8221;][et_pb_fullwidth_image src=&#8221;http:\/\/lacavedemerlin.fr\/wp-content\/uploads\/2021\/01\/Legal-1.png&#8221; admin_label=&#8221;Tire-bouchon&#8221; _builder_version=&#8221;4.4.2&#8243; custom_margin=&#8221;-20px||||false|false&#8221; custom_padding=&#8221;10px||||false|false&#8221; animation_style=&#8221;fade&#8221; animation_duration=&#8221;500ms&#8221; use_border_color=&#8221;off&#8221; border_color=&#8221;#ffffff&#8221; border_style=&#8221;solid&#8221; animation=&#8221;fade_in&#8221;][\/et_pb_fullwidth_image][\/et_pb_section][et_pb_section fb_built=&#8221;1&#8243; custom_padding_last_edited=&#8221;on|desktop&#8221; admin_label=&#8221;Section&#8221; _builder_version=&#8221;3.22&#8243; background_color=&#8221;#ffffff&#8221; custom_padding_tablet=&#8221;50px|0|50px|0&#8243; custom_padding_phone=&#8221;&#8221; transparent_background=&#8221;off&#8221; padding_mobile=&#8221;off&#8221; make_fullwidth=&#8221;off&#8221; use_custom_width=&#8221;off&#8221; width_unit=&#8221;on&#8221;][et_pb_row padding_mobile=&#8221;off&#8221; column_padding_mobile=&#8221;on&#8221; admin_label=&#8221;Ligne&#8221; module_class=&#8221; et_pb_row_fullwidth&#8221; _builder_version=&#8221;3.25&#8243; parallax=&#8221;on&#8221; parallax_method=&#8221;off&#8221; width=&#8221;100%&#8221; width_tablet=&#8221;100%&#8221; width_phone=&#8221;&#8221; width_last_edited=&#8221;on|desktop&#8221; max_width=&#8221;100%&#8221; max_width_tablet=&#8221;100%&#8221; max_width_phone=&#8221;&#8221; max_width_last_edited=&#8221;on|desktop&#8221; make_fullwidth=&#8221;on&#8221; use_custom_width=&#8221;off&#8221; width_unit=&#8221;on&#8221;][et_pb_column type=&#8221;4_4&#8243; _builder_version=&#8221;3.25&#8243; custom_padding=&#8221;|||&#8221; custom_padding__hover=&#8221;|||&#8221;][et_pb_image src=&#8221;http:\/\/lacavedemerlin.fr\/wp-content\/uploads\/2016\/05\/jute-ligne.jpg&#8221; show_bottom_space=&#8221;off&#8221; align=&#8221;center&#8221; align_tablet=&#8221;center&#8221; align_phone=&#8221;&#8221; align_last_edited=&#8221;on|desktop&#8221; admin_label=&#8221;Jute&#8221; _builder_version=&#8221;3.23&#8243; use_border_color=&#8221;off&#8221; border_color=&#8221;#ffffff&#8221; border_style=&#8221;solid&#8221; animation=&#8221;off&#8221; sticky=&#8221;on&#8221; always_center_on_mobile=&#8221;on&#8221;][\/et_pb_image][\/et_pb_column][\/et_pb_row][et_pb_row _builder_version=&#8221;4.4.2&#8243; background_color=&#8221;#ffffff&#8221; width=&#8221;100%&#8221; min_height=&#8221;158px&#8221; custom_margin=&#8221;|auto|-2px|auto||&#8221; custom_padding=&#8221;||0px|||&#8221;][et_pb_column type=&#8221;4_4&#8243; _builder_version=&#8221;4.4.2&#8243;][et_pb_text _builder_version=&#8221;4.4.2&#8243; min_height=&#8221;124px&#8221; custom_margin=&#8221;-5px||6px|||&#8221; custom_padding=&#8221;12px||13px|||&#8221;]<\/p>\n<p style=\"text-align: center;\"><img loading=\"lazy\" src=\"http:\/\/lacavedemerlin.fr\/wp-content\/uploads\/2020\/05\/Logo_noir-350x350.png\" width=\"103\" height=\"103\" alt=\"\" class=\"wp-image-908 alignnone size-medium\" \/><br \/><span style=\"font-size: 14px; color: #000000;\">Copyright\u00a0\u00a9 2020<span>\u00a0<\/span> <\/span><\/p>\n<p>[\/et_pb_text][\/et_pb_column][\/et_pb_row][\/et_pb_section]<\/p>\n","protected":false},"excerpt":{"rendered":"<p>[et_pb_section fb_built=&#8221;1&#8243; custom_padding_last_edited=&#8221;on|desktop&#8221; admin_label=&#8221;Section&#8221; _builder_version=&#8221;3.22&#8243; background_color=&#8221;#ffffff&#8221; custom_padding_tablet=&#8221;50px|0|50px|0&#8243; custom_padding_phone=&#8221;&#8221; transparent_background=&#8221;off&#8221; padding_mobile=&#8221;off&#8221; make_fullwidth=&#8221;off&#8221; use_custom_width=&#8221;off&#8221; width_unit=&#8221;on&#8221;][et_pb_row padding_mobile=&#8221;off&#8221; column_padding_mobile=&#8221;on&#8221; admin_label=&#8221;row&#8221; module_class=&#8221; et_pb_row_fullwidth&#8221; _builder_version=&#8221;3.25&#8243; background_size=&#8221;initial&#8221; background_position=&#8221;top_left&#8221; background_repeat=&#8221;repeat&#8221; width=&#8221;100%&#8221; width_tablet=&#8221;100%&#8221; width_phone=&#8221;&#8221; width_last_edited=&#8221;on|desktop&#8221; max_width=&#8221;100%&#8221; max_width_tablet=&#8221;100%&#8221; max_width_phone=&#8221;&#8221; max_width_last_edited=&#8221;on|desktop&#8221; custom_padding=&#8221;80px||60px|&#8221; make_fullwidth=&#8221;on&#8221; use_custom_width=&#8221;off&#8221; width_unit=&#8221;on&#8221;][et_pb_column type=&#8221;4_4&#8243; _builder_version=&#8221;3.25&#8243; custom_padding=&#8221;|||&#8221; custom_padding__hover=&#8221;|||&#8221;][et_pb_text admin_label=&#8221;Notre gamme Vins et Champagnes&#8221; _builder_version=&#8221;4.4.2&#8243; text_font=&#8221;Cantata One||||&#8221; text_text_color=&#8221;#595959&#8243; text_font_size=&#8221;26&#8243; background_size=&#8221;initial&#8221; background_position=&#8221;top_left&#8221; background_repeat=&#8221;repeat&#8221; use_border_color=&#8221;off&#8221; border_color=&#8221;#ffffff&#8221; border_style=&#8221;solid&#8221;] Nos [&hellip;]<\/p>\n","protected":false},"author":3,"featured_media":0,"parent":0,"menu_order":0,"comment_status":"closed","ping_status":"closed","template":"","meta":{"_et_pb_use_builder":"on","_et_pb_old_content":"","_et_gb_content_width":""},"_links":{"self":[{"href":"https:\/\/lacavedemerlin.fr\/index.php\/wp-json\/wp\/v2\/pages\/960"}],"collection":[{"href":"https:\/\/lacavedemerlin.fr\/index.php\/wp-json\/wp\/v2\/pages"}],"about":[{"href":"https:\/\/lacavedemerlin.fr\/index.php\/wp-json\/wp\/v2\/types\/page"}],"author":[{"embeddable":true,"href":"https:\/\/lacavedemerlin.fr\/index.php\/wp-json\/wp\/v2\/users\/3"}],"replies":[{"embeddable":true,"href":"https:\/\/lacavedemerlin.fr\/index.php\/wp-json\/wp\/v2\/comments?post=960"}],"version-history":[{"count":9,"href":"https:\/\/lacavedemerlin.fr\/index.php\/wp-json\/wp\/v2\/pages\/960\/revisions"}],"predecessor-version":[{"id":997,"href":"https:\/\/lacavedemerlin.fr\/index.php\/wp-json\/wp\/v2\/pages\/960\/revisions\/997"}],"wp:attachment":[{"href":"https:\/\/lacavedemerlin.fr\/index.php\/wp-json\/wp\/v2\/media?parent=960"}],"curies":[{"name":"wp","href":"https:\/\/api.w.org\/{rel}","templated":true}]}}